{"id":16637,"date":"2021-05-19T15:53:27","date_gmt":"2021-05-19T13:53:27","guid":{"rendered":"http:\/\/parcanimalier.lavalleesauvage.com\/?page_id=16637"},"modified":"2023-03-13T19:35:37","modified_gmt":"2023-03-13T18:35:37","slug":"16637-2","status":"publish","type":"page","link":"https:\/\/parcanimalier.lavalleesauvage.com\/?page_id=16637","title":{"rendered":"Politique de confidentialit\u00e9"},"content":{"rendered":"<div class=\"wpb-content-wrapper\"><p>[vc_row css_animation=\u00a0\u00bb\u00a0\u00bb row_type=\u00a0\u00bbrow\u00a0\u00bb use_row_as_full_screen_section=\u00a0\u00bbno\u00a0\u00bb type=\u00a0\u00bbfull_width\u00a0\u00bb angled_section=\u00a0\u00bbno\u00a0\u00bb text_align=\u00a0\u00bbleft\u00a0\u00bb background_image_as_pattern=\u00a0\u00bbwithout_pattern\u00a0\u00bb][vc_column][vc_column_text]<\/p>\n<h3>Qui sommes-nous\u00a0?<\/h3>\n<p>L&rsquo;adresse de notre site internet est : <strong>www.lavalleesauvage.com<\/strong><\/p>\n<p>Site internet officiel du parc animalier La Vall\u00e9e Sauvage \u00e0 Saint-Geniez (04) France<\/p>\n<p>&nbsp;<\/p>\n<h3>Mentions l\u00e9gales<\/h3>\n<p><strong>Directrice de publication<\/strong><br \/>\nVirginie DE MORTIER<\/p>\n<p><strong>Conception du site et gestion de l&rsquo;h\u00e9bergement\u00a0<\/strong><br \/>\n<a href=\"http:\/\/www.akodami.com\" target=\"_blank\" rel=\"noopener\">Agence AKODAMI<\/a><\/p>\n<p><strong>Textes et photos<\/strong><br \/>\nTous droits r\u00e9serv\u00e9s &#8211; Reproduction interdite<\/p>\n<p><strong>Copyright photos<\/strong><br \/>\nLa Vall\u00e9e Sauvage<\/p>\n<p>&nbsp;<\/p>\n<h3>Utilisation des donn\u00e9es personnelles collect\u00e9es<\/h3>\n<p><strong>Formulaire de contact<\/strong><\/p>\n<p>Les soumissions peuvent \u00eatre conserv\u00e9es 10 ans suivant la n\u00e9cessit\u00e9 et la pertinence de la correspondance.<\/p>\n<p><strong>Newsletter<\/strong><\/p>\n<p>L&rsquo;abonnement est facultatif et volontaire. Vous pouvez \u00e0 tout moment vous d\u00e9sinscrire en cliquant sur le lien en bas d&rsquo;une newsletter, ou <strong>nous contacter<\/strong> directement.<\/p>\n<p>&nbsp;<\/p>\n<h3>Cookies<\/h3>\n<p>Ce site utilise le minimum de cookies n\u00e9cessaire \u00e0 son bon fonctionnement et \u00e0 des fins statistiques. En naviguant sur ce site, vous acceptez l&rsquo;utilisation de ces cookies.<\/p>\n<p>&nbsp;<\/p>\n<h3>Contenu embarqu\u00e9 depuis d\u2019autres sites<\/h3>\n<p>Les articles de ce site peuvent inclure des contenus int\u00e9gr\u00e9s (par exemple des vid\u00e9os, images, articles\u2026). Le contenu int\u00e9gr\u00e9 depuis d\u2019autres sites se comporte de la m\u00eame mani\u00e8re que si le visiteur se rendait sur cet autre site.<\/p>\n<p>Ces sites web pourraient collecter des donn\u00e9es sur vous, utiliser des cookies, embarquer des outils de suivis tiers, suivre vos interactions avec ces contenus embarqu\u00e9s si vous disposez d\u2019un compte connect\u00e9 sur leur site web.<\/p>\n<p>&nbsp;<\/p>\n<h3>Liens externes<\/h3>\n<p>Certains liens peuvent renvoyer vers des sites externes \u00e0 titre informatif. Nous ne pouvons \u00eatre tenus pour responsable du contenu des ces sites externes ou de leur changement \u00e9ditorial. En cas de contenu vous semblant offensant, inappropri\u00e9\u00a0 ou inexacte, merci de nous en informer via le\u00a0formulaire de contact\u00a0afin que nous prenions les mesures n\u00e9cessaires apr\u00e8s analyse.<\/p>\n<p>&nbsp;<\/p>\n<h3>Statistiques et mesures d\u2019audience<\/h3>\n<p>Des donn\u00e9es anonymes peuvent \u00eatre enregistr\u00e9es lors de votre visite afin de d\u00e9terminer des statistique de fr\u00e9quentation du site.<\/p>\n<p>&nbsp;<\/p>\n<h3>Utilisation et transmission de vos donn\u00e9es personnelles<\/h3>\n<p>Les donn\u00e9es recueillies ne sont pas utilis\u00e9es \u00e0 des fins commerciales ou transmises \u00e0 des tiers.<\/p>\n<p>&nbsp;<\/p>\n<h3>Les droits que vous avez sur vos donn\u00e9es<\/h3>\n<p>Vous pouvez demander la suppression des soumissions envoy\u00e9es via le formulaire de contact ou la suppression de votre inscription \u00e0 notre newsletter.<\/p>\n<p>&nbsp;<\/p>\n<h3>Informations de contact<\/h3>\n<p>Vous trouverez nos coordonn\u00e9es sur\u00a0<strong><a href=\"http:\/\/parcanimalier.lavalleesauvage.com\/?page_id=15608\">cette page.<\/a><\/strong>[\/vc_column_text][vc_empty_space][\/vc_column][\/vc_row]<\/p>\n<\/div>","protected":false},"excerpt":{"rendered":"<p>[vc_row css_animation=\u00a0\u00bb\u00a0\u00bb row_type=\u00a0\u00bbrow\u00a0\u00bb use_row_as_full_screen_section=\u00a0\u00bbno\u00a0\u00bb type=\u00a0\u00bbfull_width\u00a0\u00bb angled_section=\u00a0\u00bbno\u00a0\u00bb text_align=\u00a0\u00bbleft\u00a0\u00bb background_image_as_pattern=\u00a0\u00bbwithout_pattern\u00a0\u00bb][vc_column][vc_column_text] Qui sommes-nous\u00a0? L&rsquo;adresse de notre site internet est : www.lavalleesauvage.com Site internet officiel du parc animalier La Vall\u00e9e Sauvage \u00e0 Saint-Geniez (04) France &nbsp; Mentions l\u00e9gales Directrice de publication Virginie DE MORTIER Conception du site et gestion&#8230;<\/p>\n","protected":false},"author":1,"featured_media":0,"parent":0,"menu_order":0,"comment_status":"closed","ping_status":"closed","template":"","meta":{"_mc_calendar":[],"footnotes":""},"class_list":["post-16637","page","type-page","status-publish","hentry"],"yoast_head":"<!-- This site is optimized with the Yoast SEO plugin v24.3 - https:\/\/yoast.com\/wordpress\/plugins\/seo\/ -->\n<title>Politique de confidentialit\u00e9 - Parc animalier La Vall\u00e9e Sauvage<\/title>\n<meta name=\"robots\" content=\"index, follow, max-snippet:-1, max-image-preview:large, max-video-preview:-1\" \/>\n<link rel=\"canonical\" href=\"https:\/\/parcanimalier.lavalleesauvage.com\/?page_id=16637\" \/>\n<meta property=\"og:locale\" content=\"fr_FR\" \/>\n<meta property=\"og:type\" content=\"article\" \/>\n<meta property=\"og:title\" content=\"Politique de confidentialit\u00e9 - Parc animalier La Vall\u00e9e Sauvage\" \/>\n<meta property=\"og:description\" content=\"[vc_row css_animation=\u00a0\u00bb\u00a0\u00bb row_type=\u00a0\u00bbrow\u00a0\u00bb use_row_as_full_screen_section=\u00a0\u00bbno\u00a0\u00bb type=\u00a0\u00bbfull_width\u00a0\u00bb angled_section=\u00a0\u00bbno\u00a0\u00bb text_align=\u00a0\u00bbleft\u00a0\u00bb background_image_as_pattern=\u00a0\u00bbwithout_pattern\u00a0\u00bb][vc_column][vc_column_text] Qui sommes-nous\u00a0? L&rsquo;adresse de notre site internet est : www.lavalleesauvage.com Site internet officiel du parc animalier La Vall\u00e9e Sauvage \u00e0 Saint-Geniez (04) France &nbsp; Mentions l\u00e9gales Directrice de publication Virginie DE MORTIER Conception du site et gestion...\" \/>\n<meta property=\"og:url\" content=\"https:\/\/parcanimalier.lavalleesauvage.com\/?page_id=16637\" \/>\n<meta property=\"og:site_name\" content=\"Parc animalier La Vall\u00e9e Sauvage\" \/>\n<meta property=\"article:publisher\" content=\"https:\/\/www.facebook.com\/lavalleesauvage\" \/>\n<meta property=\"article:modified_time\" content=\"2023-03-13T18:35:37+00:00\" \/>\n<meta name=\"twitter:card\" content=\"summary_large_image\" \/>\n<meta name=\"twitter:label1\" content=\"Dur\u00e9e de lecture estim\u00e9e\" \/>\n\t<meta name=\"twitter:data1\" content=\"2 minutes\" \/>\n<script type=\"application\/ld+json\" class=\"yoast-schema-graph\">{\"@context\":\"https:\/\/schema.org\",\"@graph\":[{\"@type\":\"WebPage\",\"@id\":\"https:\/\/parcanimalier.lavalleesauvage.com\/?page_id=16637\",\"url\":\"https:\/\/parcanimalier.lavalleesauvage.com\/?page_id=16637\",\"name\":\"Politique de confidentialit\u00e9 - Parc animalier La Vall\u00e9e Sauvage\",\"isPartOf\":{\"@id\":\"https:\/\/parcanimalier.lavalleesauvage.com\/#website\"},\"datePublished\":\"2021-05-19T13:53:27+00:00\",\"dateModified\":\"2023-03-13T18:35:37+00:00\",\"breadcrumb\":{\"@id\":\"https:\/\/parcanimalier.lavalleesauvage.com\/?page_id=16637#breadcrumb\"},\"inLanguage\":\"fr-FR\",\"potentialAction\":[{\"@type\":\"ReadAction\",\"target\":[\"https:\/\/parcanimalier.lavalleesauvage.com\/?page_id=16637\"]}]},{\"@type\":\"BreadcrumbList\",\"@id\":\"https:\/\/parcanimalier.lavalleesauvage.com\/?page_id=16637#breadcrumb\",\"itemListElement\":[{\"@type\":\"ListItem\",\"position\":1,\"name\":\"Accueil\",\"item\":\"https:\/\/parcanimalier.lavalleesauvage.com\/\"},{\"@type\":\"ListItem\",\"position\":2,\"name\":\"Politique de confidentialit\u00e9\"}]},{\"@type\":\"WebSite\",\"@id\":\"https:\/\/parcanimalier.lavalleesauvage.com\/#website\",\"url\":\"https:\/\/parcanimalier.lavalleesauvage.com\/\",\"name\":\"Parc animalier La Vall\u00e9e Sauvage\",\"description\":\"Saint-Geniez \/ Alpes-de-Haute-Provence\",\"publisher\":{\"@id\":\"https:\/\/parcanimalier.lavalleesauvage.com\/#organization\"},\"potentialAction\":[{\"@type\":\"SearchAction\",\"target\":{\"@type\":\"EntryPoint\",\"urlTemplate\":\"https:\/\/parcanimalier.lavalleesauvage.com\/?s={search_term_string}\"},\"query-input\":{\"@type\":\"PropertyValueSpecification\",\"valueRequired\":true,\"valueName\":\"search_term_string\"}}],\"inLanguage\":\"fr-FR\"},{\"@type\":\"Organization\",\"@id\":\"https:\/\/parcanimalier.lavalleesauvage.com\/#organization\",\"name\":\"Parc animalier La Vall\u00e9e Sauvage\",\"url\":\"https:\/\/parcanimalier.lavalleesauvage.com\/\",\"logo\":{\"@type\":\"ImageObject\",\"inLanguage\":\"fr-FR\",\"@id\":\"https:\/\/parcanimalier.lavalleesauvage.com\/#\/schema\/logo\/image\/\",\"url\":\"https:\/\/parcanimalier.lavalleesauvage.com\/wp-content\/uploads\/2016\/06\/logo_detour_M2.png\",\"contentUrl\":\"https:\/\/parcanimalier.lavalleesauvage.com\/wp-content\/uploads\/2016\/06\/logo_detour_M2.png\",\"width\":523,\"height\":248,\"caption\":\"Parc animalier La Vall\u00e9e Sauvage\"},\"image\":{\"@id\":\"https:\/\/parcanimalier.lavalleesauvage.com\/#\/schema\/logo\/image\/\"},\"sameAs\":[\"https:\/\/www.facebook.com\/lavalleesauvage\"]}]}<\/script>\n<!-- \/ Yoast SEO plugin. -->","yoast_head_json":{"title":"Politique de confidentialit\u00e9 - Parc animalier La Vall\u00e9e Sauvage","robots":{"index":"index","follow":"follow","max-snippet":"max-snippet:-1","max-image-preview":"max-image-preview:large","max-video-preview":"max-video-preview:-1"},"canonical":"https:\/\/parcanimalier.lavalleesauvage.com\/?page_id=16637","og_locale":"fr_FR","og_type":"article","og_title":"Politique de confidentialit\u00e9 - Parc animalier La Vall\u00e9e Sauvage","og_description":"[vc_row css_animation=\u00a0\u00bb\u00a0\u00bb row_type=\u00a0\u00bbrow\u00a0\u00bb use_row_as_full_screen_section=\u00a0\u00bbno\u00a0\u00bb type=\u00a0\u00bbfull_width\u00a0\u00bb angled_section=\u00a0\u00bbno\u00a0\u00bb text_align=\u00a0\u00bbleft\u00a0\u00bb background_image_as_pattern=\u00a0\u00bbwithout_pattern\u00a0\u00bb][vc_column][vc_column_text] Qui sommes-nous\u00a0? L&rsquo;adresse de notre site internet est : www.lavalleesauvage.com Site internet officiel du parc animalier La Vall\u00e9e Sauvage \u00e0 Saint-Geniez (04) France &nbsp; Mentions l\u00e9gales Directrice de publication Virginie DE MORTIER Conception du site et gestion...","og_url":"https:\/\/parcanimalier.lavalleesauvage.com\/?page_id=16637","og_site_name":"Parc animalier La Vall\u00e9e Sauvage","article_publisher":"https:\/\/www.facebook.com\/lavalleesauvage","article_modified_time":"2023-03-13T18:35:37+00:00","twitter_card":"summary_large_image","twitter_misc":{"Dur\u00e9e de lecture estim\u00e9e":"2 minutes"},"schema":{"@context":"https:\/\/schema.org","@graph":[{"@type":"WebPage","@id":"https:\/\/parcanimalier.lavalleesauvage.com\/?page_id=16637","url":"https:\/\/parcanimalier.lavalleesauvage.com\/?page_id=16637","name":"Politique de confidentialit\u00e9 - Parc animalier La Vall\u00e9e Sauvage","isPartOf":{"@id":"https:\/\/parcanimalier.lavalleesauvage.com\/#website"},"datePublished":"2021-05-19T13:53:27+00:00","dateModified":"2023-03-13T18:35:37+00:00","breadcrumb":{"@id":"https:\/\/parcanimalier.lavalleesauvage.com\/?page_id=16637#breadcrumb"},"inLanguage":"fr-FR","potentialAction":[{"@type":"ReadAction","target":["https:\/\/parcanimalier.lavalleesauvage.com\/?page_id=16637"]}]},{"@type":"BreadcrumbList","@id":"https:\/\/parcanimalier.lavalleesauvage.com\/?page_id=16637#breadcrumb","itemListElement":[{"@type":"ListItem","position":1,"name":"Accueil","item":"https:\/\/parcanimalier.lavalleesauvage.com\/"},{"@type":"ListItem","position":2,"name":"Politique de confidentialit\u00e9"}]},{"@type":"WebSite","@id":"https:\/\/parcanimalier.lavalleesauvage.com\/#website","url":"https:\/\/parcanimalier.lavalleesauvage.com\/","name":"Parc animalier La Vall\u00e9e Sauvage","description":"Saint-Geniez \/ Alpes-de-Haute-Provence","publisher":{"@id":"https:\/\/parcanimalier.lavalleesauvage.com\/#organization"},"potentialAction":[{"@type":"SearchAction","target":{"@type":"EntryPoint","urlTemplate":"https:\/\/parcanimalier.lavalleesauvage.com\/?s={search_term_string}"},"query-input":{"@type":"PropertyValueSpecification","valueRequired":true,"valueName":"search_term_string"}}],"inLanguage":"fr-FR"},{"@type":"Organization","@id":"https:\/\/parcanimalier.lavalleesauvage.com\/#organization","name":"Parc animalier La Vall\u00e9e Sauvage","url":"https:\/\/parcanimalier.lavalleesauvage.com\/","logo":{"@type":"ImageObject","inLanguage":"fr-FR","@id":"https:\/\/parcanimalier.lavalleesauvage.com\/#\/schema\/logo\/image\/","url":"https:\/\/parcanimalier.lavalleesauvage.com\/wp-content\/uploads\/2016\/06\/logo_detour_M2.png","contentUrl":"https:\/\/parcanimalier.lavalleesauvage.com\/wp-content\/uploads\/2016\/06\/logo_detour_M2.png","width":523,"height":248,"caption":"Parc animalier La Vall\u00e9e Sauvage"},"image":{"@id":"https:\/\/parcanimalier.lavalleesauvage.com\/#\/schema\/logo\/image\/"},"sameAs":["https:\/\/www.facebook.com\/lavalleesauvage"]}]}},"_links":{"self":[{"href":"https:\/\/parcanimalier.lavalleesauvage.com\/index.php?rest_route=\/wp\/v2\/pages\/16637","targetHints":{"allow":["GET"]}}],"collection":[{"href":"https:\/\/parcanimalier.lavalleesauvage.com\/index.php?rest_route=\/wp\/v2\/pages"}],"about":[{"href":"https:\/\/parcanimalier.lavalleesauvage.com\/index.php?rest_route=\/wp\/v2\/types\/page"}],"author":[{"embeddable":true,"href":"https:\/\/parcanimalier.lavalleesauvage.com\/index.php?rest_route=\/wp\/v2\/users\/1"}],"replies":[{"embeddable":true,"href":"https:\/\/parcanimalier.lavalleesauvage.com\/index.php?rest_route=%2Fwp%2Fv2%2Fcomments&post=16637"}],"version-history":[{"count":5,"href":"https:\/\/parcanimalier.lavalleesauvage.com\/index.php?rest_route=\/wp\/v2\/pages\/16637\/revisions"}],"predecessor-version":[{"id":16717,"href":"https:\/\/parcanimalier.lavalleesauvage.com\/index.php?rest_route=\/wp\/v2\/pages\/16637\/revisions\/16717"}],"wp:attachment":[{"href":"https:\/\/parcanimalier.lavalleesauvage.com\/index.php?rest_route=%2Fwp%2Fv2%2Fmedia&parent=16637"}],"curies":[{"name":"wp","href":"https:\/\/api.w.org\/{rel}","templated":true}]}}