{"id":15617,"date":"2016-06-23T18:47:40","date_gmt":"2016-06-23T16:47:40","guid":{"rendered":"http:\/\/parcanimalier.lavalleesauvage.com\/?page_id=15617"},"modified":"2024-02-09T19:20:33","modified_gmt":"2024-02-09T18:20:33","slug":"galerie-photos-2","status":"publish","type":"page","link":"https:\/\/parcanimalier.lavalleesauvage.com\/?page_id=15617","title":{"rendered":"Galerie photos du parc"},"content":{"rendered":"<div class=\"wpb-content-wrapper\"><p>[vc_row css_animation=\u00a0\u00bb\u00a0\u00bb row_type=\u00a0\u00bbrow\u00a0\u00bb use_row_as_full_screen_section=\u00a0\u00bbno\u00a0\u00bb type=\u00a0\u00bbfull_width\u00a0\u00bb angled_section=\u00a0\u00bbno\u00a0\u00bb text_align=\u00a0\u00bbleft\u00a0\u00bb background_image_as_pattern=\u00a0\u00bbwithout_pattern\u00a0\u00bb css=\u00a0\u00bb.vc_custom_1467116528786{background-color: #383838 !important;}\u00a0\u00bb][vc_column][vc_empty_space height=\u00a0\u00bb10px\u00a0\u00bb][vc_column_text]<\/p>\n<p style=\"text-align: center\"><span style=\"color: #ffffff\">Copyright photos \u00a9 La Vall\u00e9e Sauvage &#8211; Tous droits r\u00e9serv\u00e9s<br \/>\n<\/span><\/p>\n<p>[\/vc_column_text][vc_empty_space height=\u00a0\u00bb20px\u00a0\u00bb][vc_gallery type=\u00a0\u00bbimage_grid\u00a0\u00bb images=\u00a0\u00bb16750,16124,16764,16126,16765,16125,16127,16128,16129,16754,16134,16132,16768,16130,16133,16139,16137,16138,16136,16140,16123,16141,16143,16144,16145,16146,16756,16757,16758,16759,16760,16761,16762,16766,16767,16769,16826,16823,16818&Prime; img_size=\u00a0\u00bb\u00a0\u00bb column_number=\u00a0\u00bb5&Prime; grayscale=\u00a0\u00bbno\u00a0\u00bb images_space=\u00a0\u00bbgallery_with_space\u00a0\u00bb][vc_empty_space][\/vc_column][\/vc_row][vc_row css_animation=\u00a0\u00bb\u00a0\u00bb row_type=\u00a0\u00bbrow\u00a0\u00bb use_row_as_full_screen_section=\u00a0\u00bbno\u00a0\u00bb type=\u00a0\u00bbfull_width\u00a0\u00bb angled_section=\u00a0\u00bbno\u00a0\u00bb text_align=\u00a0\u00bbright\u00a0\u00bb background_image_as_pattern=\u00a0\u00bbwithout_pattern\u00a0\u00bb css=\u00a0\u00bb.vc_custom_1467197309883{padding-right: 60px !important;background-color: #383838 !important;}\u00a0\u00bb][vc_column]<div class=\"social_share_list_holder\"><span>Share on: <\/span><ul><li class=\"facebook_share\"><a title=\"Share on Facebook\" href=\"javascript:void(0)\" onclick=\"window.open('http:\/\/www.facebook.com\/sharer.php?u=https%3A%2F%2Fparcanimalier.lavalleesauvage.com%2F%3Fpage_id%3D15617', 'sharer', 'toolbar=0,status=0,width=620,height=280');\"><i class=\"fa fa-facebook\"><\/i><\/a><\/li><li class=\"twitter_share\"><a href=\"#\" title=\"Share on Twitter\" onclick=\"popUp=window.open('http:\/\/twitter.com\/home?status=%5Bvc_row+css_animation%3D%C2%A0%C2%BB%C2%A0%C2%BB+row_type%3D%C2%A0%C2%BBrow%C2%A0%C2%BB+use_row_as_full_screen_section%3D%C2%A0%C2%BBno%C2%A0%C2%BB+https:\/\/parcanimalier.lavalleesauvage.com\/?page_id=15617', 'popupwindow', 'scrollbars=yes,width=800,height=400');popUp.focus();return false;\"><i class=\"fa fa-twitter\"><\/i><\/a><\/li><li  class=\"google_share\"><a href=\"#\" title=\"Share on Google+\" onclick=\"popUp=window.open('https:\/\/plus.google.com\/share?url=https%3A%2F%2Fparcanimalier.lavalleesauvage.com%2F%3Fpage_id%3D15617', 'popupwindow', 'scrollbars=yes,width=800,height=400');popUp.focus();return false\"><i class=\"fa fa-google-plus\"><\/i><\/a><\/li><\/ul><\/div>[vc_empty_space][\/vc_column][\/vc_row]<\/p>\n<\/div>","protected":false},"excerpt":{"rendered":"<p>[vc_row css_animation=\u00a0\u00bb\u00a0\u00bb row_type=\u00a0\u00bbrow\u00a0\u00bb use_row_as_full_screen_section=\u00a0\u00bbno\u00a0\u00bb type=\u00a0\u00bbfull_width\u00a0\u00bb angled_section=\u00a0\u00bbno\u00a0\u00bb text_align=\u00a0\u00bbleft\u00a0\u00bb background_image_as_pattern=\u00a0\u00bbwithout_pattern\u00a0\u00bb css=\u00a0\u00bb.vc_custom_1467116528786{background-color: #383838 !important;}\u00a0\u00bb][vc_column][vc_empty_space height=\u00a0\u00bb10px\u00a0\u00bb][vc_column_text] Copyright photos \u00a9 La Vall\u00e9e Sauvage &#8211; Tous droits r\u00e9serv\u00e9s [\/vc_column_text][vc_empty_space height=\u00a0\u00bb20px\u00a0\u00bb][vc_gallery type=\u00a0\u00bbimage_grid\u00a0\u00bb images=\u00a0\u00bb16750,16124,16764,16126,16765,16125,16127,16128,16129,16754,16134,16132,16768,16130,16133,16139,16137,16138,16136,16140,16123,16141,16143,16144,16145,16146,16756,16757,16758,16759,16760,16761,16762,16766,16767,16769,16826,16823,16818&Prime; img_size=\u00a0\u00bb\u00a0\u00bb column_number=\u00a0\u00bb5&Prime; grayscale=\u00a0\u00bbno\u00a0\u00bb images_space=\u00a0\u00bbgallery_with_space\u00a0\u00bb][vc_empty_space][\/vc_column][\/vc_row][vc_row css_animation=\u00a0\u00bb\u00a0\u00bb row_type=\u00a0\u00bbrow\u00a0\u00bb use_row_as_full_screen_section=\u00a0\u00bbno\u00a0\u00bb type=\u00a0\u00bbfull_width\u00a0\u00bb angled_section=\u00a0\u00bbno\u00a0\u00bb text_align=\u00a0\u00bbright\u00a0\u00bb background_image_as_pattern=\u00a0\u00bbwithout_pattern\u00a0\u00bb css=\u00a0\u00bb.vc_custom_1467197309883{padding-right: 60px !important;background-color: #383838 !important;}\u00a0\u00bb][vc_column][vc_empty_space][\/vc_column][\/vc_row]<\/p>\n","protected":false},"author":1,"featured_media":0,"parent":0,"menu_order":0,"comment_status":"closed","ping_status":"closed","template":"full_width.php","meta":{"_mc_calendar":[],"footnotes":""},"class_list":["post-15617","page","type-page","status-publish","hentry"],"yoast_head":"<!-- This site is optimized with the Yoast SEO plugin v24.3 - https:\/\/yoast.com\/wordpress\/plugins\/seo\/ -->\n<title>Galerie photos du parc - Parc animalier La Vall\u00e9e Sauvage<\/title>\n<meta name=\"robots\" content=\"index, follow, max-snippet:-1, max-image-preview:large, max-video-preview:-1\" \/>\n<link rel=\"canonical\" href=\"https:\/\/parcanimalier.lavalleesauvage.com\/?page_id=15617\" \/>\n<meta property=\"og:locale\" content=\"fr_FR\" \/>\n<meta property=\"og:type\" content=\"article\" \/>\n<meta property=\"og:title\" content=\"Galerie photos du parc - Parc animalier La Vall\u00e9e Sauvage\" \/>\n<meta property=\"og:description\" content=\"[vc_row css_animation=\u00a0\u00bb\u00a0\u00bb row_type=\u00a0\u00bbrow\u00a0\u00bb use_row_as_full_screen_section=\u00a0\u00bbno\u00a0\u00bb type=\u00a0\u00bbfull_width\u00a0\u00bb angled_section=\u00a0\u00bbno\u00a0\u00bb text_align=\u00a0\u00bbleft\u00a0\u00bb background_image_as_pattern=\u00a0\u00bbwithout_pattern\u00a0\u00bb css=\u00a0\u00bb.vc_custom_1467116528786{background-color: #383838 !important;}\u00a0\u00bb][vc_column][vc_empty_space height=\u00a0\u00bb10px\u00a0\u00bb][vc_column_text] Copyright photos \u00a9 La Vall\u00e9e Sauvage &#8211; Tous droits r\u00e9serv\u00e9s [\/vc_column_text][vc_empty_space height=\u00a0\u00bb20px\u00a0\u00bb][vc_gallery type=\u00a0\u00bbimage_grid\u00a0\u00bb images=\u00a0\u00bb16750,16124,16764,16126,16765,16125,16127,16128,16129,16754,16134,16132,16768,16130,16133,16139,16137,16138,16136,16140,16123,16141,16143,16144,16145,16146,16756,16757,16758,16759,16760,16761,16762,16766,16767,16769,16826,16823,16818&Prime; img_size=\u00a0\u00bb\u00a0\u00bb column_number=\u00a0\u00bb5&Prime; grayscale=\u00a0\u00bbno\u00a0\u00bb images_space=\u00a0\u00bbgallery_with_space\u00a0\u00bb][vc_empty_space][\/vc_column][\/vc_row][vc_row css_animation=\u00a0\u00bb\u00a0\u00bb row_type=\u00a0\u00bbrow\u00a0\u00bb use_row_as_full_screen_section=\u00a0\u00bbno\u00a0\u00bb type=\u00a0\u00bbfull_width\u00a0\u00bb angled_section=\u00a0\u00bbno\u00a0\u00bb text_align=\u00a0\u00bbright\u00a0\u00bb background_image_as_pattern=\u00a0\u00bbwithout_pattern\u00a0\u00bb css=\u00a0\u00bb.vc_custom_1467197309883{padding-right: 60px !important;background-color: #383838 !important;}\u00a0\u00bb][vc_column][vc_empty_space][\/vc_column][\/vc_row]\" \/>\n<meta property=\"og:url\" content=\"https:\/\/parcanimalier.lavalleesauvage.com\/?page_id=15617\" \/>\n<meta property=\"og:site_name\" content=\"Parc animalier La Vall\u00e9e Sauvage\" \/>\n<meta property=\"article:publisher\" content=\"https:\/\/www.facebook.com\/lavalleesauvage\" \/>\n<meta property=\"article:modified_time\" content=\"2024-02-09T18:20:33+00:00\" \/>\n<meta name=\"twitter:card\" content=\"summary_large_image\" \/>\n<meta name=\"twitter:label1\" content=\"Dur\u00e9e de lecture estim\u00e9e\" \/>\n\t<meta name=\"twitter:data1\" content=\"1 minute\" \/>\n<script type=\"application\/ld+json\" class=\"yoast-schema-graph\">{\"@context\":\"https:\/\/schema.org\",\"@graph\":[{\"@type\":\"WebPage\",\"@id\":\"https:\/\/parcanimalier.lavalleesauvage.com\/?page_id=15617\",\"url\":\"https:\/\/parcanimalier.lavalleesauvage.com\/?page_id=15617\",\"name\":\"Galerie photos du parc - Parc animalier La Vall\u00e9e Sauvage\",\"isPartOf\":{\"@id\":\"https:\/\/parcanimalier.lavalleesauvage.com\/#website\"},\"datePublished\":\"2016-06-23T16:47:40+00:00\",\"dateModified\":\"2024-02-09T18:20:33+00:00\",\"breadcrumb\":{\"@id\":\"https:\/\/parcanimalier.lavalleesauvage.com\/?page_id=15617#breadcrumb\"},\"inLanguage\":\"fr-FR\",\"potentialAction\":[{\"@type\":\"ReadAction\",\"target\":[\"https:\/\/parcanimalier.lavalleesauvage.com\/?page_id=15617\"]}]},{\"@type\":\"BreadcrumbList\",\"@id\":\"https:\/\/parcanimalier.lavalleesauvage.com\/?page_id=15617#breadcrumb\",\"itemListElement\":[{\"@type\":\"ListItem\",\"position\":1,\"name\":\"Accueil\",\"item\":\"https:\/\/parcanimalier.lavalleesauvage.com\/\"},{\"@type\":\"ListItem\",\"position\":2,\"name\":\"Galerie photos du parc\"}]},{\"@type\":\"WebSite\",\"@id\":\"https:\/\/parcanimalier.lavalleesauvage.com\/#website\",\"url\":\"https:\/\/parcanimalier.lavalleesauvage.com\/\",\"name\":\"Parc animalier La Vall\u00e9e Sauvage\",\"description\":\"Saint-Geniez \/ Alpes-de-Haute-Provence\",\"publisher\":{\"@id\":\"https:\/\/parcanimalier.lavalleesauvage.com\/#organization\"},\"potentialAction\":[{\"@type\":\"SearchAction\",\"target\":{\"@type\":\"EntryPoint\",\"urlTemplate\":\"https:\/\/parcanimalier.lavalleesauvage.com\/?s={search_term_string}\"},\"query-input\":{\"@type\":\"PropertyValueSpecification\",\"valueRequired\":true,\"valueName\":\"search_term_string\"}}],\"inLanguage\":\"fr-FR\"},{\"@type\":\"Organization\",\"@id\":\"https:\/\/parcanimalier.lavalleesauvage.com\/#organization\",\"name\":\"Parc animalier La Vall\u00e9e Sauvage\",\"url\":\"https:\/\/parcanimalier.lavalleesauvage.com\/\",\"logo\":{\"@type\":\"ImageObject\",\"inLanguage\":\"fr-FR\",\"@id\":\"https:\/\/parcanimalier.lavalleesauvage.com\/#\/schema\/logo\/image\/\",\"url\":\"https:\/\/parcanimalier.lavalleesauvage.com\/wp-content\/uploads\/2016\/06\/logo_detour_M2.png\",\"contentUrl\":\"https:\/\/parcanimalier.lavalleesauvage.com\/wp-content\/uploads\/2016\/06\/logo_detour_M2.png\",\"width\":523,\"height\":248,\"caption\":\"Parc animalier La Vall\u00e9e Sauvage\"},\"image\":{\"@id\":\"https:\/\/parcanimalier.lavalleesauvage.com\/#\/schema\/logo\/image\/\"},\"sameAs\":[\"https:\/\/www.facebook.com\/lavalleesauvage\"]}]}<\/script>\n<!-- \/ Yoast SEO plugin. -->","yoast_head_json":{"title":"Galerie photos du parc - Parc animalier La Vall\u00e9e Sauvage","robots":{"index":"index","follow":"follow","max-snippet":"max-snippet:-1","max-image-preview":"max-image-preview:large","max-video-preview":"max-video-preview:-1"},"canonical":"https:\/\/parcanimalier.lavalleesauvage.com\/?page_id=15617","og_locale":"fr_FR","og_type":"article","og_title":"Galerie photos du parc - Parc animalier La Vall\u00e9e Sauvage","og_description":"[vc_row css_animation=\u00a0\u00bb\u00a0\u00bb row_type=\u00a0\u00bbrow\u00a0\u00bb use_row_as_full_screen_section=\u00a0\u00bbno\u00a0\u00bb type=\u00a0\u00bbfull_width\u00a0\u00bb angled_section=\u00a0\u00bbno\u00a0\u00bb text_align=\u00a0\u00bbleft\u00a0\u00bb background_image_as_pattern=\u00a0\u00bbwithout_pattern\u00a0\u00bb css=\u00a0\u00bb.vc_custom_1467116528786{background-color: #383838 !important;}\u00a0\u00bb][vc_column][vc_empty_space height=\u00a0\u00bb10px\u00a0\u00bb][vc_column_text] Copyright photos \u00a9 La Vall\u00e9e Sauvage &#8211; Tous droits r\u00e9serv\u00e9s [\/vc_column_text][vc_empty_space height=\u00a0\u00bb20px\u00a0\u00bb][vc_gallery type=\u00a0\u00bbimage_grid\u00a0\u00bb images=\u00a0\u00bb16750,16124,16764,16126,16765,16125,16127,16128,16129,16754,16134,16132,16768,16130,16133,16139,16137,16138,16136,16140,16123,16141,16143,16144,16145,16146,16756,16757,16758,16759,16760,16761,16762,16766,16767,16769,16826,16823,16818&Prime; img_size=\u00a0\u00bb\u00a0\u00bb column_number=\u00a0\u00bb5&Prime; grayscale=\u00a0\u00bbno\u00a0\u00bb images_space=\u00a0\u00bbgallery_with_space\u00a0\u00bb][vc_empty_space][\/vc_column][\/vc_row][vc_row css_animation=\u00a0\u00bb\u00a0\u00bb row_type=\u00a0\u00bbrow\u00a0\u00bb use_row_as_full_screen_section=\u00a0\u00bbno\u00a0\u00bb type=\u00a0\u00bbfull_width\u00a0\u00bb angled_section=\u00a0\u00bbno\u00a0\u00bb text_align=\u00a0\u00bbright\u00a0\u00bb background_image_as_pattern=\u00a0\u00bbwithout_pattern\u00a0\u00bb css=\u00a0\u00bb.vc_custom_1467197309883{padding-right: 60px !important;background-color: #383838 !important;}\u00a0\u00bb][vc_column][vc_empty_space][\/vc_column][\/vc_row]","og_url":"https:\/\/parcanimalier.lavalleesauvage.com\/?page_id=15617","og_site_name":"Parc animalier La Vall\u00e9e Sauvage","article_publisher":"https:\/\/www.facebook.com\/lavalleesauvage","article_modified_time":"2024-02-09T18:20:33+00:00","twitter_card":"summary_large_image","twitter_misc":{"Dur\u00e9e de lecture estim\u00e9e":"1 minute"},"schema":{"@context":"https:\/\/schema.org","@graph":[{"@type":"WebPage","@id":"https:\/\/parcanimalier.lavalleesauvage.com\/?page_id=15617","url":"https:\/\/parcanimalier.lavalleesauvage.com\/?page_id=15617","name":"Galerie photos du parc - Parc animalier La Vall\u00e9e Sauvage","isPartOf":{"@id":"https:\/\/parcanimalier.lavalleesauvage.com\/#website"},"datePublished":"2016-06-23T16:47:40+00:00","dateModified":"2024-02-09T18:20:33+00:00","breadcrumb":{"@id":"https:\/\/parcanimalier.lavalleesauvage.com\/?page_id=15617#breadcrumb"},"inLanguage":"fr-FR","potentialAction":[{"@type":"ReadAction","target":["https:\/\/parcanimalier.lavalleesauvage.com\/?page_id=15617"]}]},{"@type":"BreadcrumbList","@id":"https:\/\/parcanimalier.lavalleesauvage.com\/?page_id=15617#breadcrumb","itemListElement":[{"@type":"ListItem","position":1,"name":"Accueil","item":"https:\/\/parcanimalier.lavalleesauvage.com\/"},{"@type":"ListItem","position":2,"name":"Galerie photos du parc"}]},{"@type":"WebSite","@id":"https:\/\/parcanimalier.lavalleesauvage.com\/#website","url":"https:\/\/parcanimalier.lavalleesauvage.com\/","name":"Parc animalier La Vall\u00e9e Sauvage","description":"Saint-Geniez \/ Alpes-de-Haute-Provence","publisher":{"@id":"https:\/\/parcanimalier.lavalleesauvage.com\/#organization"},"potentialAction":[{"@type":"SearchAction","target":{"@type":"EntryPoint","urlTemplate":"https:\/\/parcanimalier.lavalleesauvage.com\/?s={search_term_string}"},"query-input":{"@type":"PropertyValueSpecification","valueRequired":true,"valueName":"search_term_string"}}],"inLanguage":"fr-FR"},{"@type":"Organization","@id":"https:\/\/parcanimalier.lavalleesauvage.com\/#organization","name":"Parc animalier La Vall\u00e9e Sauvage","url":"https:\/\/parcanimalier.lavalleesauvage.com\/","logo":{"@type":"ImageObject","inLanguage":"fr-FR","@id":"https:\/\/parcanimalier.lavalleesauvage.com\/#\/schema\/logo\/image\/","url":"https:\/\/parcanimalier.lavalleesauvage.com\/wp-content\/uploads\/2016\/06\/logo_detour_M2.png","contentUrl":"https:\/\/parcanimalier.lavalleesauvage.com\/wp-content\/uploads\/2016\/06\/logo_detour_M2.png","width":523,"height":248,"caption":"Parc animalier La Vall\u00e9e Sauvage"},"image":{"@id":"https:\/\/parcanimalier.lavalleesauvage.com\/#\/schema\/logo\/image\/"},"sameAs":["https:\/\/www.facebook.com\/lavalleesauvage"]}]}},"_links":{"self":[{"href":"https:\/\/parcanimalier.lavalleesauvage.com\/index.php?rest_route=\/wp\/v2\/pages\/15617","targetHints":{"allow":["GET"]}}],"collection":[{"href":"https:\/\/parcanimalier.lavalleesauvage.com\/index.php?rest_route=\/wp\/v2\/pages"}],"about":[{"href":"https:\/\/parcanimalier.lavalleesauvage.com\/index.php?rest_route=\/wp\/v2\/types\/page"}],"author":[{"embeddable":true,"href":"https:\/\/parcanimalier.lavalleesauvage.com\/index.php?rest_route=\/wp\/v2\/users\/1"}],"replies":[{"embeddable":true,"href":"https:\/\/parcanimalier.lavalleesauvage.com\/index.php?rest_route=%2Fwp%2Fv2%2Fcomments&post=15617"}],"version-history":[{"count":14,"href":"https:\/\/parcanimalier.lavalleesauvage.com\/index.php?rest_route=\/wp\/v2\/pages\/15617\/revisions"}],"predecessor-version":[{"id":16942,"href":"https:\/\/parcanimalier.lavalleesauvage.com\/index.php?rest_route=\/wp\/v2\/pages\/15617\/revisions\/16942"}],"wp:attachment":[{"href":"https:\/\/parcanimalier.lavalleesauvage.com\/index.php?rest_route=%2Fwp%2Fv2%2Fmedia&parent=15617"}],"curies":[{"name":"wp","href":"https:\/\/api.w.org\/{rel}","templated":true}]}}