{"id":15603,"date":"2016-06-23T18:43:35","date_gmt":"2016-06-23T16:43:35","guid":{"rendered":"http:\/\/parcanimalier.lavalleesauvage.com\/?page_id=15603"},"modified":"2025-08-09T15:23:25","modified_gmt":"2025-08-09T13:23:25","slug":"groupes-et-ecoles","status":"publish","type":"page","link":"https:\/\/parcanimalier.lavalleesauvage.com\/?page_id=15603","title":{"rendered":"Groupes et \u00e9coles"},"content":{"rendered":"<div class=\"wpb-content-wrapper\"><p>[vc_row css_animation=\u00a0\u00bb\u00a0\u00bb row_type=\u00a0\u00bbrow\u00a0\u00bb use_row_as_full_screen_section=\u00a0\u00bbno\u00a0\u00bb type=\u00a0\u00bbfull_width\u00a0\u00bb angled_section=\u00a0\u00bbno\u00a0\u00bb text_align=\u00a0\u00bbleft\u00a0\u00bb background_image_as_pattern=\u00a0\u00bbwithout_pattern\u00a0\u00bb][vc_column width=\u00a0\u00bb1\/2&Prime;][vc_empty_space height=\u00a0\u00bb20px\u00a0\u00bb][vc_single_image image=\u00a0\u00bb16000&Prime; img_size=\u00a0\u00bblarge\u00a0\u00bb qode_css_animation=\u00a0\u00bb\u00a0\u00bb][vc_empty_space height=\u00a0\u00bb20px\u00a0\u00bb][\/vc_column][vc_column width=\u00a0\u00bb1\/2&Prime;][vc_column_text]<\/p>\n<h2>Une journ\u00e9e dans la nature avec les animaux&#8230;<\/h2>\n<p>[\/vc_column_text][vc_separator type=\u00a0\u00bbsmall\u00a0\u00bb position=\u00a0\u00bbleft\u00a0\u00bb up=\u00a0\u00bb7&Prime;][vc_column_text css=\u00a0\u00bb\u00a0\u00bb]De nombreuses \u00e9coles viennent visiter le parc animalier chaque ann\u00e9e et repartent ravies de leur journ\u00e9e au c\u0153ur de la nature et des grands espaces verts.<\/p>\n<p><strong>Chaque \u00e9cole b\u00e9n\u00e9ficie d&rsquo;une journ\u00e9e enti\u00e8re dans un parc animalier privatis\u00e9 pour l&rsquo;occasion.<\/strong><br \/>\n<strong>S\u00e9r\u00e9nit\u00e9 pour les organisateurs et privil\u00e8ge pour les enfants.<\/strong><\/p>\n<p>Les enfants appr\u00e9cient de passer une journ\u00e9e au sein de la nature. Ils aiment d\u00e9couvrir les animaux sauvages et red\u00e9couvrir les animaux domestiques. La balade dans le bois leur apprend la vie des sangliers et le sentier au bord du ruisseau leur fait d\u00e9couvrir la flore des Alpes-de-Haute-Provence.[\/vc_column_text][\/vc_column][\/vc_row][vc_row css_animation=\u00a0\u00bb\u00a0\u00bb row_type=\u00a0\u00bbrow\u00a0\u00bb use_row_as_full_screen_section=\u00a0\u00bbno\u00a0\u00bb type=\u00a0\u00bbfull_width\u00a0\u00bb angled_section=\u00a0\u00bbno\u00a0\u00bb text_align=\u00a0\u00bbleft\u00a0\u00bb background_image_as_pattern=\u00a0\u00bbwithout_pattern\u00a0\u00bb][vc_column][vc_separator type=\u00a0\u00bbnormal\u00a0\u00bb up=\u00a0\u00bb40&Prime; down=\u00a0\u00bb40&Prime;][\/vc_column][\/vc_row][vc_row css_animation=\u00a0\u00bb\u00a0\u00bb row_type=\u00a0\u00bbrow\u00a0\u00bb use_row_as_full_screen_section=\u00a0\u00bbno\u00a0\u00bb type=\u00a0\u00bbfull_width\u00a0\u00bb angled_section=\u00a0\u00bbno\u00a0\u00bb text_align=\u00a0\u00bbleft\u00a0\u00bb background_image_as_pattern=\u00a0\u00bbwithout_pattern\u00a0\u00bb][vc_column width=\u00a0\u00bb1\/2&Prime;][vc_separator type=\u00a0\u00bbtransparent\u00a0\u00bb thickness=\u00a0\u00bb100&Prime;][vc_column_text]<\/p>\n<h2>Id\u00e9e de programme<\/h2>\n<p>[\/vc_column_text][vc_separator type=\u00a0\u00bbsmall\u00a0\u00bb position=\u00a0\u00bbleft\u00a0\u00bb up=\u00a0\u00bb7&Prime; down=\u00a0\u00bb40&Prime;][vc_column_text]<\/p>\n<ul>\n<li>Arriv\u00e9e vers 10h30<\/li>\n<li>Passage aux toilettes et petite collation<\/li>\n<li>D\u00e9but de la visite et d\u00e9couverte des premiers animaux.<\/li>\n<li>Arr\u00eat au milieu d&rsquo;une prairie ou aux abords du ruisseau pour un pique-nique au calme.<\/li>\n<li>L&rsquo;apr\u00e8s-midi, des jeux \u00e0 th\u00e8mes peuvent \u00eatre propos\u00e9s par les accompagnateurs, en fonction de ce que les enfants ont appris sur les animaux du parc.<br \/>\n<strong>Mise \u00e0 disposition d&rsquo;une mallette p\u00e9dagogique.<\/strong><\/li>\n<li>Une seconde ou troisi\u00e8me promenade termine leur journ\u00e9e avant de reprendre le car.<\/li>\n<li>D\u00e9part vers 15h &#8211; 15h30 et retour vers l&rsquo;\u00e9cole ou le centre.<\/li>\n<\/ul>\n<p>[\/vc_column_text][vc_empty_space height=\u00a0\u00bb20px\u00a0\u00bb][\/vc_column][vc_column width=\u00a0\u00bb1\/2&Prime;][vc_single_image image=\u00a0\u00bb16001&Prime; img_size=\u00a0\u00bblarge\u00a0\u00bb qode_css_animation=\u00a0\u00bb\u00a0\u00bb][vc_separator type=\u00a0\u00bbnormal\u00a0\u00bb][vc_single_image image=\u00a0\u00bb16803&Prime; img_size=\u00a0\u00bblarge\u00a0\u00bb qode_css_animation=\u00a0\u00bb\u00a0\u00bb][\/vc_column][\/vc_row][vc_row css_animation=\u00a0\u00bb\u00a0\u00bb row_type=\u00a0\u00bbrow\u00a0\u00bb use_row_as_full_screen_section=\u00a0\u00bbno\u00a0\u00bb type=\u00a0\u00bbfull_width\u00a0\u00bb angled_section=\u00a0\u00bbno\u00a0\u00bb text_align=\u00a0\u00bbleft\u00a0\u00bb background_image_as_pattern=\u00a0\u00bbwithout_pattern\u00a0\u00bb][vc_column][vc_separator type=\u00a0\u00bbnormal\u00a0\u00bb up=\u00a0\u00bb40&Prime; down=\u00a0\u00bb40&Prime;][\/vc_column][\/vc_row][vc_row css_animation=\u00a0\u00bb\u00a0\u00bb row_type=\u00a0\u00bbrow\u00a0\u00bb use_row_as_full_screen_section=\u00a0\u00bbno\u00a0\u00bb type=\u00a0\u00bbfull_width\u00a0\u00bb angled_section=\u00a0\u00bbno\u00a0\u00bb text_align=\u00a0\u00bbleft\u00a0\u00bb background_image_as_pattern=\u00a0\u00bbwithout_pattern\u00a0\u00bb][vc_column width=\u00a0\u00bb1\/2&Prime;][vc_single_image image=\u00a0\u00bb15999&Prime; img_size=\u00a0\u00bblarge\u00a0\u00bb qode_css_animation=\u00a0\u00bb\u00a0\u00bb][vc_empty_space height=\u00a0\u00bb20px\u00a0\u00bb][\/vc_column][vc_column width=\u00a0\u00bb1\/2&Prime;][vc_column_text]<\/p>\n<h2>Tarifs de groupe<br \/>\n(Enfant payant \u00e0 partir de 3 ans)<\/h2>\n<p>[\/vc_column_text][vc_separator type=\u00a0\u00bbsmall\u00a0\u00bb position=\u00a0\u00bbleft\u00a0\u00bb up=\u00a0\u00bb7&Prime;][vc_column_text]<\/p>\n<ul>\n<li><strong>De 10 \u00e0 29 Personnes :<\/strong> adulte 13.50\u20ac et enfant 8,10\u20ac<\/li>\n<li><strong>De 30 \u00e0 99 Personnes :<\/strong> 12\u20ac pour les adultes et 7\u20ac pour les enfants.<\/li>\n<li><strong>Au del\u00e0 de 100 Personnes :<\/strong> 9\u20ac pour les adultes et 5\u20ac pour les enfants.<\/li>\n<\/ul>\n<p>[\/vc_column_text][vc_empty_space height=\u00a0\u00bb20px\u00a0\u00bb][vc_column_text]<\/p>\n<p>Nous proposons \u00e9galement <strong>l&rsquo;entr\u00e9e gratuite aux accompagnateurs<\/strong> dans la proportion de 1 accompagnateur pour 8 enfants.[\/vc_column_text][\/vc_column][\/vc_row][vc_row css_animation=\u00a0\u00bb\u00a0\u00bb row_type=\u00a0\u00bbrow\u00a0\u00bb use_row_as_full_screen_section=\u00a0\u00bbno\u00a0\u00bb type=\u00a0\u00bbfull_width\u00a0\u00bb angled_section=\u00a0\u00bbno\u00a0\u00bb text_align=\u00a0\u00bbleft\u00a0\u00bb background_image_as_pattern=\u00a0\u00bbwithout_pattern\u00a0\u00bb][vc_column][vc_empty_space height=\u00a0\u00bb20px\u00a0\u00bb][vc_column_text css=\u00a0\u00bb.vc_custom_1467197477736{padding-top: 10px !important;padding-right: 5px !important;padding-bottom: 10px !important;padding-left: 5px !important;background-color: #b79c7e !important;}\u00a0\u00bb]<\/p>\n<p style=\"text-align: center\"><span style=\"color: #ffffff\"><strong><span style=\"color: #000000\"><span style=\"color: #ffffff\">Pour les groupes et les \u00e9coles, une r\u00e9servation est n\u00e9cessaire. Pour obtenir un devis ou de plus amples informations n&rsquo;h\u00e9sitez pas \u00e0<\/span> <span style=\"color: #ffff99\"><a style=\"color: #ffff99\" href=\"http:\/\/parcanimalier.lavalleesauvage.com\/?page_id=15608\">NOUS CONTACTER<\/a><\/span><\/span><span style=\"color: #ffff99\">.<\/span><\/strong><\/span><\/p>\n<p>[\/vc_column_text][vc_empty_space][\/vc_column][\/vc_row][vc_row css_animation=\u00a0\u00bb\u00a0\u00bb row_type=\u00a0\u00bbrow\u00a0\u00bb use_row_as_full_screen_section=\u00a0\u00bbno\u00a0\u00bb type=\u00a0\u00bbfull_width\u00a0\u00bb angled_section=\u00a0\u00bbno\u00a0\u00bb text_align=\u00a0\u00bbright\u00a0\u00bb background_image_as_pattern=\u00a0\u00bbwithout_pattern\u00a0\u00bb][vc_column]<div class=\"social_share_list_holder\"><span>Share on: <\/span><ul><li class=\"facebook_share\"><a title=\"Share on Facebook\" href=\"javascript:void(0)\" onclick=\"window.open('http:\/\/www.facebook.com\/sharer.php?u=https%3A%2F%2Fparcanimalier.lavalleesauvage.com%2F%3Fpage_id%3D15603', 'sharer', 'toolbar=0,status=0,width=620,height=280');\"><i class=\"fa fa-facebook\"><\/i><\/a><\/li><li class=\"twitter_share\"><a href=\"#\" title=\"Share on Twitter\" onclick=\"popUp=window.open('http:\/\/twitter.com\/home?status=%5Bvc_row+css_animation%3D%C2%A0%C2%BB%C2%A0%C2%BB+row_type%3D%C2%A0%C2%BBrow%C2%A0%C2%BB+use_row_as_full_screen_section%3D%C2%A0%C2%BBno%C2%A0%C2%BB+https:\/\/parcanimalier.lavalleesauvage.com\/?page_id=15603', 'popupwindow', 'scrollbars=yes,width=800,height=400');popUp.focus();return false;\"><i class=\"fa fa-twitter\"><\/i><\/a><\/li><li  class=\"google_share\"><a href=\"#\" title=\"Share on Google+\" onclick=\"popUp=window.open('https:\/\/plus.google.com\/share?url=https%3A%2F%2Fparcanimalier.lavalleesauvage.com%2F%3Fpage_id%3D15603', 'popupwindow', 'scrollbars=yes,width=800,height=400');popUp.focus();return false\"><i class=\"fa fa-google-plus\"><\/i><\/a><\/li><\/ul><\/div>[vc_empty_space][\/vc_column][\/vc_row]<\/p>\n<\/div>","protected":false},"excerpt":{"rendered":"<p>[vc_row css_animation=\u00a0\u00bb\u00a0\u00bb row_type=\u00a0\u00bbrow\u00a0\u00bb use_row_as_full_screen_section=\u00a0\u00bbno\u00a0\u00bb type=\u00a0\u00bbfull_width\u00a0\u00bb angled_section=\u00a0\u00bbno\u00a0\u00bb text_align=\u00a0\u00bbleft\u00a0\u00bb background_image_as_pattern=\u00a0\u00bbwithout_pattern\u00a0\u00bb][vc_column width=\u00a0\u00bb1\/2&Prime;][vc_empty_space height=\u00a0\u00bb20px\u00a0\u00bb][vc_single_image image=\u00a0\u00bb16000&Prime; img_size=\u00a0\u00bblarge\u00a0\u00bb qode_css_animation=\u00a0\u00bb\u00a0\u00bb][vc_empty_space height=\u00a0\u00bb20px\u00a0\u00bb][\/vc_column][vc_column width=\u00a0\u00bb1\/2&Prime;][vc_column_text] Une journ\u00e9e dans la nature avec les animaux&#8230; [\/vc_column_text][vc_separator type=\u00a0\u00bbsmall\u00a0\u00bb position=\u00a0\u00bbleft\u00a0\u00bb up=\u00a0\u00bb7&Prime;][vc_column_text css=\u00a0\u00bb\u00a0\u00bb]De nombreuses \u00e9coles viennent visiter le parc animalier chaque ann\u00e9e et repartent ravies de leur journ\u00e9e au c\u0153ur&#8230;<\/p>\n","protected":false},"author":1,"featured_media":0,"parent":0,"menu_order":0,"comment_status":"closed","ping_status":"closed","template":"","meta":{"_mc_calendar":[],"footnotes":""},"class_list":["post-15603","page","type-page","status-publish","hentry"],"yoast_head":"<!-- This site is optimized with the Yoast SEO plugin v24.3 - https:\/\/yoast.com\/wordpress\/plugins\/seo\/ -->\n<title>Groupes et \u00e9coles - Parc animalier La Vall\u00e9e Sauvage<\/title>\n<meta name=\"robots\" content=\"index, follow, max-snippet:-1, max-image-preview:large, max-video-preview:-1\" \/>\n<link rel=\"canonical\" href=\"https:\/\/parcanimalier.lavalleesauvage.com\/?page_id=15603\" \/>\n<meta property=\"og:locale\" content=\"fr_FR\" \/>\n<meta property=\"og:type\" content=\"article\" \/>\n<meta property=\"og:title\" content=\"Groupes et \u00e9coles - Parc animalier La Vall\u00e9e Sauvage\" \/>\n<meta property=\"og:description\" content=\"[vc_row css_animation=\u00a0\u00bb\u00a0\u00bb row_type=\u00a0\u00bbrow\u00a0\u00bb use_row_as_full_screen_section=\u00a0\u00bbno\u00a0\u00bb type=\u00a0\u00bbfull_width\u00a0\u00bb angled_section=\u00a0\u00bbno\u00a0\u00bb text_align=\u00a0\u00bbleft\u00a0\u00bb background_image_as_pattern=\u00a0\u00bbwithout_pattern\u00a0\u00bb][vc_column width=\u00a0\u00bb1\/2&Prime;][vc_empty_space height=\u00a0\u00bb20px\u00a0\u00bb][vc_single_image image=\u00a0\u00bb16000&Prime; img_size=\u00a0\u00bblarge\u00a0\u00bb qode_css_animation=\u00a0\u00bb\u00a0\u00bb][vc_empty_space height=\u00a0\u00bb20px\u00a0\u00bb][\/vc_column][vc_column width=\u00a0\u00bb1\/2&Prime;][vc_column_text] Une journ\u00e9e dans la nature avec les animaux&#8230; [\/vc_column_text][vc_separator type=\u00a0\u00bbsmall\u00a0\u00bb position=\u00a0\u00bbleft\u00a0\u00bb up=\u00a0\u00bb7&Prime;][vc_column_text css=\u00a0\u00bb\u00a0\u00bb]De nombreuses \u00e9coles viennent visiter le parc animalier chaque ann\u00e9e et repartent ravies de leur journ\u00e9e au c\u0153ur...\" \/>\n<meta property=\"og:url\" content=\"https:\/\/parcanimalier.lavalleesauvage.com\/?page_id=15603\" \/>\n<meta property=\"og:site_name\" content=\"Parc animalier La Vall\u00e9e Sauvage\" \/>\n<meta property=\"article:publisher\" content=\"https:\/\/www.facebook.com\/lavalleesauvage\" \/>\n<meta property=\"article:modified_time\" content=\"2025-08-09T13:23:25+00:00\" \/>\n<meta name=\"twitter:card\" content=\"summary_large_image\" \/>\n<meta name=\"twitter:label1\" content=\"Dur\u00e9e de lecture estim\u00e9e\" \/>\n\t<meta name=\"twitter:data1\" content=\"3 minutes\" \/>\n<script type=\"application\/ld+json\" class=\"yoast-schema-graph\">{\"@context\":\"https:\/\/schema.org\",\"@graph\":[{\"@type\":\"WebPage\",\"@id\":\"https:\/\/parcanimalier.lavalleesauvage.com\/?page_id=15603\",\"url\":\"https:\/\/parcanimalier.lavalleesauvage.com\/?page_id=15603\",\"name\":\"Groupes et \u00e9coles - Parc animalier La Vall\u00e9e Sauvage\",\"isPartOf\":{\"@id\":\"https:\/\/parcanimalier.lavalleesauvage.com\/#website\"},\"datePublished\":\"2016-06-23T16:43:35+00:00\",\"dateModified\":\"2025-08-09T13:23:25+00:00\",\"breadcrumb\":{\"@id\":\"https:\/\/parcanimalier.lavalleesauvage.com\/?page_id=15603#breadcrumb\"},\"inLanguage\":\"fr-FR\",\"potentialAction\":[{\"@type\":\"ReadAction\",\"target\":[\"https:\/\/parcanimalier.lavalleesauvage.com\/?page_id=15603\"]}]},{\"@type\":\"BreadcrumbList\",\"@id\":\"https:\/\/parcanimalier.lavalleesauvage.com\/?page_id=15603#breadcrumb\",\"itemListElement\":[{\"@type\":\"ListItem\",\"position\":1,\"name\":\"Accueil\",\"item\":\"https:\/\/parcanimalier.lavalleesauvage.com\/\"},{\"@type\":\"ListItem\",\"position\":2,\"name\":\"Groupes et \u00e9coles\"}]},{\"@type\":\"WebSite\",\"@id\":\"https:\/\/parcanimalier.lavalleesauvage.com\/#website\",\"url\":\"https:\/\/parcanimalier.lavalleesauvage.com\/\",\"name\":\"Parc animalier La Vall\u00e9e Sauvage\",\"description\":\"Saint-Geniez \/ Alpes-de-Haute-Provence\",\"publisher\":{\"@id\":\"https:\/\/parcanimalier.lavalleesauvage.com\/#organization\"},\"potentialAction\":[{\"@type\":\"SearchAction\",\"target\":{\"@type\":\"EntryPoint\",\"urlTemplate\":\"https:\/\/parcanimalier.lavalleesauvage.com\/?s={search_term_string}\"},\"query-input\":{\"@type\":\"PropertyValueSpecification\",\"valueRequired\":true,\"valueName\":\"search_term_string\"}}],\"inLanguage\":\"fr-FR\"},{\"@type\":\"Organization\",\"@id\":\"https:\/\/parcanimalier.lavalleesauvage.com\/#organization\",\"name\":\"Parc animalier La Vall\u00e9e Sauvage\",\"url\":\"https:\/\/parcanimalier.lavalleesauvage.com\/\",\"logo\":{\"@type\":\"ImageObject\",\"inLanguage\":\"fr-FR\",\"@id\":\"https:\/\/parcanimalier.lavalleesauvage.com\/#\/schema\/logo\/image\/\",\"url\":\"https:\/\/parcanimalier.lavalleesauvage.com\/wp-content\/uploads\/2016\/06\/logo_detour_M2.png\",\"contentUrl\":\"https:\/\/parcanimalier.lavalleesauvage.com\/wp-content\/uploads\/2016\/06\/logo_detour_M2.png\",\"width\":523,\"height\":248,\"caption\":\"Parc animalier La Vall\u00e9e Sauvage\"},\"image\":{\"@id\":\"https:\/\/parcanimalier.lavalleesauvage.com\/#\/schema\/logo\/image\/\"},\"sameAs\":[\"https:\/\/www.facebook.com\/lavalleesauvage\"]}]}<\/script>\n<!-- \/ Yoast SEO plugin. -->","yoast_head_json":{"title":"Groupes et \u00e9coles - Parc animalier La Vall\u00e9e Sauvage","robots":{"index":"index","follow":"follow","max-snippet":"max-snippet:-1","max-image-preview":"max-image-preview:large","max-video-preview":"max-video-preview:-1"},"canonical":"https:\/\/parcanimalier.lavalleesauvage.com\/?page_id=15603","og_locale":"fr_FR","og_type":"article","og_title":"Groupes et \u00e9coles - Parc animalier La Vall\u00e9e Sauvage","og_description":"[vc_row css_animation=\u00a0\u00bb\u00a0\u00bb row_type=\u00a0\u00bbrow\u00a0\u00bb use_row_as_full_screen_section=\u00a0\u00bbno\u00a0\u00bb type=\u00a0\u00bbfull_width\u00a0\u00bb angled_section=\u00a0\u00bbno\u00a0\u00bb text_align=\u00a0\u00bbleft\u00a0\u00bb background_image_as_pattern=\u00a0\u00bbwithout_pattern\u00a0\u00bb][vc_column width=\u00a0\u00bb1\/2&Prime;][vc_empty_space height=\u00a0\u00bb20px\u00a0\u00bb][vc_single_image image=\u00a0\u00bb16000&Prime; img_size=\u00a0\u00bblarge\u00a0\u00bb qode_css_animation=\u00a0\u00bb\u00a0\u00bb][vc_empty_space height=\u00a0\u00bb20px\u00a0\u00bb][\/vc_column][vc_column width=\u00a0\u00bb1\/2&Prime;][vc_column_text] Une journ\u00e9e dans la nature avec les animaux&#8230; [\/vc_column_text][vc_separator type=\u00a0\u00bbsmall\u00a0\u00bb position=\u00a0\u00bbleft\u00a0\u00bb up=\u00a0\u00bb7&Prime;][vc_column_text css=\u00a0\u00bb\u00a0\u00bb]De nombreuses \u00e9coles viennent visiter le parc animalier chaque ann\u00e9e et repartent ravies de leur journ\u00e9e au c\u0153ur...","og_url":"https:\/\/parcanimalier.lavalleesauvage.com\/?page_id=15603","og_site_name":"Parc animalier La Vall\u00e9e Sauvage","article_publisher":"https:\/\/www.facebook.com\/lavalleesauvage","article_modified_time":"2025-08-09T13:23:25+00:00","twitter_card":"summary_large_image","twitter_misc":{"Dur\u00e9e de lecture estim\u00e9e":"3 minutes"},"schema":{"@context":"https:\/\/schema.org","@graph":[{"@type":"WebPage","@id":"https:\/\/parcanimalier.lavalleesauvage.com\/?page_id=15603","url":"https:\/\/parcanimalier.lavalleesauvage.com\/?page_id=15603","name":"Groupes et \u00e9coles - Parc animalier La Vall\u00e9e Sauvage","isPartOf":{"@id":"https:\/\/parcanimalier.lavalleesauvage.com\/#website"},"datePublished":"2016-06-23T16:43:35+00:00","dateModified":"2025-08-09T13:23:25+00:00","breadcrumb":{"@id":"https:\/\/parcanimalier.lavalleesauvage.com\/?page_id=15603#breadcrumb"},"inLanguage":"fr-FR","potentialAction":[{"@type":"ReadAction","target":["https:\/\/parcanimalier.lavalleesauvage.com\/?page_id=15603"]}]},{"@type":"BreadcrumbList","@id":"https:\/\/parcanimalier.lavalleesauvage.com\/?page_id=15603#breadcrumb","itemListElement":[{"@type":"ListItem","position":1,"name":"Accueil","item":"https:\/\/parcanimalier.lavalleesauvage.com\/"},{"@type":"ListItem","position":2,"name":"Groupes et \u00e9coles"}]},{"@type":"WebSite","@id":"https:\/\/parcanimalier.lavalleesauvage.com\/#website","url":"https:\/\/parcanimalier.lavalleesauvage.com\/","name":"Parc animalier La Vall\u00e9e Sauvage","description":"Saint-Geniez \/ Alpes-de-Haute-Provence","publisher":{"@id":"https:\/\/parcanimalier.lavalleesauvage.com\/#organization"},"potentialAction":[{"@type":"SearchAction","target":{"@type":"EntryPoint","urlTemplate":"https:\/\/parcanimalier.lavalleesauvage.com\/?s={search_term_string}"},"query-input":{"@type":"PropertyValueSpecification","valueRequired":true,"valueName":"search_term_string"}}],"inLanguage":"fr-FR"},{"@type":"Organization","@id":"https:\/\/parcanimalier.lavalleesauvage.com\/#organization","name":"Parc animalier La Vall\u00e9e Sauvage","url":"https:\/\/parcanimalier.lavalleesauvage.com\/","logo":{"@type":"ImageObject","inLanguage":"fr-FR","@id":"https:\/\/parcanimalier.lavalleesauvage.com\/#\/schema\/logo\/image\/","url":"https:\/\/parcanimalier.lavalleesauvage.com\/wp-content\/uploads\/2016\/06\/logo_detour_M2.png","contentUrl":"https:\/\/parcanimalier.lavalleesauvage.com\/wp-content\/uploads\/2016\/06\/logo_detour_M2.png","width":523,"height":248,"caption":"Parc animalier La Vall\u00e9e Sauvage"},"image":{"@id":"https:\/\/parcanimalier.lavalleesauvage.com\/#\/schema\/logo\/image\/"},"sameAs":["https:\/\/www.facebook.com\/lavalleesauvage"]}]}},"_links":{"self":[{"href":"https:\/\/parcanimalier.lavalleesauvage.com\/index.php?rest_route=\/wp\/v2\/pages\/15603","targetHints":{"allow":["GET"]}}],"collection":[{"href":"https:\/\/parcanimalier.lavalleesauvage.com\/index.php?rest_route=\/wp\/v2\/pages"}],"about":[{"href":"https:\/\/parcanimalier.lavalleesauvage.com\/index.php?rest_route=\/wp\/v2\/types\/page"}],"author":[{"embeddable":true,"href":"https:\/\/parcanimalier.lavalleesauvage.com\/index.php?rest_route=\/wp\/v2\/users\/1"}],"replies":[{"embeddable":true,"href":"https:\/\/parcanimalier.lavalleesauvage.com\/index.php?rest_route=%2Fwp%2Fv2%2Fcomments&post=15603"}],"version-history":[{"count":37,"href":"https:\/\/parcanimalier.lavalleesauvage.com\/index.php?rest_route=\/wp\/v2\/pages\/15603\/revisions"}],"predecessor-version":[{"id":17204,"href":"https:\/\/parcanimalier.lavalleesauvage.com\/index.php?rest_route=\/wp\/v2\/pages\/15603\/revisions\/17204"}],"wp:attachment":[{"href":"https:\/\/parcanimalier.lavalleesauvage.com\/index.php?rest_route=%2Fwp%2Fv2%2Fmedia&parent=15603"}],"curies":[{"name":"wp","href":"https:\/\/api.w.org\/{rel}","templated":true}]}}